{"id":94,"date":"2014-02-10T18:52:42","date_gmt":"2014-02-10T16:52:42","guid":{"rendered":"http:\/\/www.mpsys.de\/Wordpress\/?page_id=94"},"modified":"2026-03-03T09:48:49","modified_gmt":"2026-03-03T07:48:49","slug":"home-3","status":"publish","type":"page","link":"https:\/\/www.mpsys.de\/wordpress\/","title":{"rendered":"Smartcard RFID Encode &amp; Print"},"content":{"rendered":"\n<figure class=\"wp-block-image size-full\"><a href=\"https:\/\/www.mpsys.de\/wordpress\/wp-content\/uploads\/2014\/02\/ChipManLogo.png\"><img loading=\"lazy\" decoding=\"async\" width=\"150\" height=\"45\" src=\"https:\/\/www.mpsys.de\/wordpress\/wp-content\/uploads\/2014\/02\/ChipManLogo.png\" alt=\"\" class=\"wp-image-180\"\/><\/a><\/figure>\n\n\n\n<h2 class=\"wp-block-heading\"><\/h2>\n\n\n\n<p>Die <strong>ChipMan Software<\/strong> ist eine leistungsstarke Windows-Anwendung f\u00fcr das professionelle <strong>Drucken und Kodieren von Ausweisen, Smartcards und RFID-Karten<\/strong> \u2013 sowohl kontaktbehaftet als auch kontaktlos (z. B. MIFARE\u00ae, DESFire EVx, LEGIC\u00ae, NTAG, ICODE). Sie unterst\u00fctzt eine breite Palette von Chipkartenstandards und bietet umfangreiche Funktionen f\u00fcr Layout, Datenbankanbindung, Automatisierung und Sicherheit.<\/p>\n\n\n\n<h2 class=\"wp-block-heading\">Was ist ChipMan?<\/h2>\n\n\n\n<p>ChipMan ist eine modulare <strong>Kartensoftware<\/strong>, mit der Sie:<\/p>\n\n\n\n<ul class=\"wp-block-list\">\n<li>Ausweislayouts gestalten und anpassen<\/li>\n\n\n\n<li>Texte, Bilder, Barcodes und Variablen dynamisch platzieren<\/li>\n\n\n\n<li>Karten drucken und direkt Daten auf RFID- oder Chipkarten schreiben<\/li>\n\n\n\n<li>Daten aus Datenbanken lesen und wieder zur\u00fcckschreiben k\u00f6nnen<\/li>\n\n\n\n<li>Sichere Schl\u00fcsselspeicherung (Key-Safe) und Berechnungsfunktionen nutzen<\/li>\n\n\n\n<li>Batch-Jobs automatisieren und Log-Dateien generieren<\/li>\n<\/ul>\n\n\n\n<p><strong>\u2026 alles in einer einzigen Anwendung.<\/strong> (<a href=\"https:\/\/www.mpsys.de\/wordpress\/kontakt\/\" data-type=\"page\" data-id=\"28\">Demo verf\u00fcgbar<\/a>)<\/p>\n\n\n\n<h2 class=\"wp-block-heading\">Integrierter Card-Designer<\/h2>\n\n\n\n<figure class=\"wp-block-image size-large\"><img loading=\"lazy\" decoding=\"async\" width=\"1024\" height=\"772\" src=\"https:\/\/www.mpsys.de\/wordpress\/wp-content\/uploads\/2026\/01\/chipman_main-1024x772.png\" alt=\"\" class=\"wp-image-1116\" srcset=\"https:\/\/www.mpsys.de\/wordpress\/wp-content\/uploads\/2026\/01\/chipman_main-1024x772.png 1024w, https:\/\/www.mpsys.de\/wordpress\/wp-content\/uploads\/2026\/01\/chipman_main-300x226.png 300w, https:\/\/www.mpsys.de\/wordpress\/wp-content\/uploads\/2026\/01\/chipman_main-768x579.png 768w, https:\/\/www.mpsys.de\/wordpress\/wp-content\/uploads\/2026\/01\/chipman_main-1536x1158.png 1536w, https:\/\/www.mpsys.de\/wordpress\/wp-content\/uploads\/2026\/01\/chipman_main.png 1825w\" sizes=\"auto, (max-width: 1024px) 100vw, 1024px\" \/><\/figure>\n\n\n\n<p>Mit dem integrierten Designer k\u00f6nnen Sie:<\/p>\n\n\n\n<ul class=\"wp-block-list\">\n<li>Texte, Bilder und Barcodes frei positionieren<\/li>\n\n\n\n<li>Layouts mit Datenbankfeldern oder Chipdaten verkn\u00fcpfen<\/li>\n\n\n\n<li>Kameras oder Scanner zur Live-Bild-Erfassung einsetzen<\/li>\n\n\n\n<li>komplexe Format- und Berechnungsfunktionen (Key-Diversifizierung, CRC, Checksummen u. \u00e4.) verwenden<\/li>\n<\/ul>\n\n\n\n<p>Dies macht ChipMan zu einer idealen L\u00f6sung f\u00fcr Mitarbeiterausweise, Zutrittskarten, Event-Badges, Mitgliedsausweise uvm.<\/p>\n\n\n\n<p><b>Kodierung von:<\/b><br>MIFARE\u00ae Classic, DESfire\u00ae EV1\/EV2\/EV3 , Ultralight C, MIFARE\u00ae Plus, ICODE, NTAG, SAM, JCOP, LEGIC\u00ae und weitere.<\/p>\n\n\n\n<figure class=\"wp-block-image size-large\"><a href=\"https:\/\/www.mpsys.de\/wordpress\/wp-content\/uploads\/2026\/01\/hexeditor.png\"><img loading=\"lazy\" decoding=\"async\" width=\"1024\" height=\"696\" src=\"https:\/\/www.mpsys.de\/wordpress\/wp-content\/uploads\/2026\/01\/hexeditor-1024x696.png\" alt=\"\" class=\"wp-image-1117\" srcset=\"https:\/\/www.mpsys.de\/wordpress\/wp-content\/uploads\/2026\/01\/hexeditor-1024x696.png 1024w, https:\/\/www.mpsys.de\/wordpress\/wp-content\/uploads\/2026\/01\/hexeditor-300x204.png 300w, https:\/\/www.mpsys.de\/wordpress\/wp-content\/uploads\/2026\/01\/hexeditor-768x522.png 768w, https:\/\/www.mpsys.de\/wordpress\/wp-content\/uploads\/2026\/01\/hexeditor-1536x1044.png 1536w, https:\/\/www.mpsys.de\/wordpress\/wp-content\/uploads\/2026\/01\/hexeditor.png 1848w\" sizes=\"auto, (max-width: 1024px) 100vw, 1024px\" \/><\/a><\/figure>\n\n\n\n<h2 class=\"wp-block-heading\">Datenbankintegration<\/h2>\n\n\n\n<p>ChipMan verbindet sich flexibel mit:<\/p>\n\n\n\n<ul class=\"wp-block-list\">\n<li>SQL-Datenbanken \u00fcber ODBC\/ADO<\/li>\n\n\n\n<li>*.CSV \/ *.XLS Dateien<\/li>\n\n\n\n<li>SQL-Servern<\/li>\n\n\n\n<li>Write-Back-Funktionen (z. B. UID zur\u00fcck in die Datenbank)<\/li>\n<\/ul>\n\n\n\n<p>Datenbank-Operationen lassen sich automatisieren, und Skripte k\u00f6nnen regelm\u00e4\u00dfig wiederkehrende Aufgaben \u00fcbernehmen \u2013 ideal f\u00fcr Serienproduktionen.<\/p>\n\n\n\n<h2 class=\"wp-block-heading\">Neu: REST-API f\u00fcr Druck- und Kodierauftr\u00e4ge<\/h2>\n\n\n\n<p>Ein Highlight der aktuellen Version ist die neue <strong><a href=\"https:\/\/www.mpsys.de\/wordpress\/chipman-rest-api\/\" data-type=\"page\" data-id=\"1118\">REST-API<\/a><\/strong>:<\/p>\n\n\n\n<p><strong>Wir bieten L\u00f6sungen rund um die RFID Kodierung und entwickeln kundenspezifische Anwendungen.<\/strong><\/p>\n\n\n\n<h1 class=\"wp-block-heading\"><figure><img loading=\"lazy\" decoding=\"async\" class=\"alignnone size-full wp-image-831\" src=\"https:\/\/www.mpsys.de\/wordpress\/wp-content\/uploads\/2018\/04\/cardexpress.png\" alt=\"\" width=\"149\" height=\"49\"><\/figure><\/h1>\n\n\n\n<p><span style=\"color: #808080;\">Design &#8211; Printing &#8211; Encoding<\/span><img loading=\"lazy\" decoding=\"async\" class=\"alignnone size-full wp-image-832\" src=\"https:\/\/www.mpsys.de\/wordpress\/wp-content\/uploads\/2018\/04\/cardexpressPro.png\" alt=\"\" width=\"1280\" height=\"855\" srcset=\"https:\/\/www.mpsys.de\/wordpress\/wp-content\/uploads\/2018\/04\/cardexpressPro.png 1280w, https:\/\/www.mpsys.de\/wordpress\/wp-content\/uploads\/2018\/04\/cardexpressPro-300x200.png 300w, https:\/\/www.mpsys.de\/wordpress\/wp-content\/uploads\/2018\/04\/cardexpressPro-768x513.png 768w, https:\/\/www.mpsys.de\/wordpress\/wp-content\/uploads\/2018\/04\/cardexpressPro-1024x684.png 1024w\" sizes=\"auto, (max-width: 1280px) 100vw, 1280px\" \/><\/p>\n\n\n\n<p>Integrierte Bilderfassung und Bearbeitung:<\/p>\n\n\n\n<figure class=\"wp-block-image\"><img loading=\"lazy\" decoding=\"async\" width=\"1109\" height=\"615\" src=\"https:\/\/www.mpsys.de\/wordpress\/wp-content\/uploads\/2018\/04\/cardexpress2.png\" alt=\"\" class=\"wp-image-835\" srcset=\"https:\/\/www.mpsys.de\/wordpress\/wp-content\/uploads\/2018\/04\/cardexpress2.png 1109w, https:\/\/www.mpsys.de\/wordpress\/wp-content\/uploads\/2018\/04\/cardexpress2-300x166.png 300w, https:\/\/www.mpsys.de\/wordpress\/wp-content\/uploads\/2018\/04\/cardexpress2-768x426.png 768w, https:\/\/www.mpsys.de\/wordpress\/wp-content\/uploads\/2018\/04\/cardexpress2-1024x568.png 1024w, https:\/\/www.mpsys.de\/wordpress\/wp-content\/uploads\/2018\/04\/cardexpress2-672x372.png 672w, https:\/\/www.mpsys.de\/wordpress\/wp-content\/uploads\/2018\/04\/cardexpress2-1038x576.png 1038w\" sizes=\"auto, (max-width: 1109px) 100vw, 1109px\" \/><\/figure>\n\n\n\n<p><\/p>\n\n\n\n<p>IDE f\u00fcr die Chip-Kodierung der Script-Erstellung und Debug:<img loading=\"lazy\" decoding=\"async\" class=\"alignnone size-full wp-image-837\" src=\"https:\/\/www.mpsys.de\/wordpress\/wp-content\/uploads\/2018\/04\/IDE.png\" alt=\"\" width=\"1282\" height=\"821\" srcset=\"https:\/\/www.mpsys.de\/wordpress\/wp-content\/uploads\/2018\/04\/IDE.png 1282w, https:\/\/www.mpsys.de\/wordpress\/wp-content\/uploads\/2018\/04\/IDE-300x192.png 300w, https:\/\/www.mpsys.de\/wordpress\/wp-content\/uploads\/2018\/04\/IDE-768x492.png 768w, https:\/\/www.mpsys.de\/wordpress\/wp-content\/uploads\/2018\/04\/IDE-1024x656.png 1024w\" sizes=\"auto, (max-width: 1282px) 100vw, 1282px\" \/><\/p>\n\n\n\n<p>Info: <a href=\"https:\/\/www.mpsys.de\/wordpress\/wp-content\/uploads\/2018\/04\/CardExpressProFlyer.pdf\">CardExpressProFlyer<\/a><\/p>\n","protected":false},"excerpt":{"rendered":"<p>Die ChipMan Software ist eine leistungsstarke Windows-Anwendung f\u00fcr das professionelle Drucken und Kodieren von Ausweisen, Smartcards und RFID-Karten \u2013 sowohl kontaktbehaftet als auch kontaktlos (z. B. MIFARE\u00ae, DESFire EVx, LEGIC\u00ae, NTAG, ICODE). Sie unterst\u00fctzt eine breite Palette von Chipkartenstandards und bietet umfangreiche Funktionen f\u00fcr Layout, Datenbankanbindung, Automatisierung und Sicherheit. Was ist ChipMan? ChipMan ist eine &hellip; <a href=\"https:\/\/www.mpsys.de\/wordpress\/\" class=\"more-link\"><span class=\"screen-reader-text\">Smartcard RFID Encode &amp; Print<\/span> weiterlesen <span class=\"meta-nav\">&rarr;<\/span><\/a><\/p>\n","protected":false},"author":1,"featured_media":0,"parent":0,"menu_order":0,"comment_status":"closed","ping_status":"closed","template":"","meta":{"footnotes":""},"class_list":["post-94","page","type-page","status-publish","hentry"],"_links":{"self":[{"href":"https:\/\/www.mpsys.de\/wordpress\/wp-json\/wp\/v2\/pages\/94","targetHints":{"allow":["GET"]}}],"collection":[{"href":"https:\/\/www.mpsys.de\/wordpress\/wp-json\/wp\/v2\/pages"}],"about":[{"href":"https:\/\/www.mpsys.de\/wordpress\/wp-json\/wp\/v2\/types\/page"}],"author":[{"embeddable":true,"href":"https:\/\/www.mpsys.de\/wordpress\/wp-json\/wp\/v2\/users\/1"}],"replies":[{"embeddable":true,"href":"https:\/\/www.mpsys.de\/wordpress\/wp-json\/wp\/v2\/comments?post=94"}],"version-history":[{"count":61,"href":"https:\/\/www.mpsys.de\/wordpress\/wp-json\/wp\/v2\/pages\/94\/revisions"}],"predecessor-version":[{"id":1169,"href":"https:\/\/www.mpsys.de\/wordpress\/wp-json\/wp\/v2\/pages\/94\/revisions\/1169"}],"wp:attachment":[{"href":"https:\/\/www.mpsys.de\/wordpress\/wp-json\/wp\/v2\/media?parent=94"}],"curies":[{"name":"wp","href":"https:\/\/api.w.org\/{rel}","templated":true}]}}