{"id":750,"date":"2018-03-24T12:19:12","date_gmt":"2018-03-24T10:19:12","guid":{"rendered":"https:\/\/www.mpsys.de\/wordpress\/?page_id=750"},"modified":"2020-08-12T09:39:50","modified_gmt":"2020-08-12T07:39:50","slug":"tos","status":"publish","type":"page","link":"https:\/\/www.mpsys.de\/wordpress\/tos\/","title":{"rendered":"TOS Tennis &#8211; Platzbelegungs &#8211; System"},"content":{"rendered":"<p><img loading=\"lazy\" decoding=\"async\" class=\"size-full wp-image-751 aligncenter\" src=\"https:\/\/www.mpsys.de\/wordpress\/wp-content\/uploads\/2018\/03\/TOS1.jpg\" alt=\"\" width=\"273\" height=\"307\" srcset=\"https:\/\/www.mpsys.de\/wordpress\/wp-content\/uploads\/2018\/03\/TOS1.jpg 273w, https:\/\/www.mpsys.de\/wordpress\/wp-content\/uploads\/2018\/03\/TOS1-267x300.jpg 267w\" sizes=\"auto, (max-width: 273px) 100vw, 273px\" \/><\/p>\n<h1 style=\"text-align: center;\"><strong><em>Ein &#8222;ASS&#8220;!<\/em><\/strong><\/h1>\n<p style=\"text-align: center;\">Anbauf\u00e4hig &#8211; Kombinierbar-\u00dcbersichtlich<\/p>\n<h1><strong>Das Element:<\/strong><\/h1>\n<p><img loading=\"lazy\" decoding=\"async\" class=\"alignnone size-full wp-image-757\" src=\"https:\/\/www.mpsys.de\/wordpress\/wp-content\/uploads\/2018\/03\/element.png\" alt=\"\" width=\"604\" height=\"637\" srcset=\"https:\/\/www.mpsys.de\/wordpress\/wp-content\/uploads\/2018\/03\/element.png 604w, https:\/\/www.mpsys.de\/wordpress\/wp-content\/uploads\/2018\/03\/element-284x300.png 284w\" sizes=\"auto, (max-width: 604px) 100vw, 604px\" \/><\/p>\n<h1><strong>Die Karten:<\/strong><\/h1>\n<p><strong>Mitgliedskarten:<\/strong><\/p>\n<p><img loading=\"lazy\" decoding=\"async\" class=\"alignnone size-full wp-image-761\" src=\"https:\/\/www.mpsys.de\/wordpress\/wp-content\/uploads\/2018\/03\/K3.jpg\" alt=\"\" width=\"303\" height=\"341\" srcset=\"https:\/\/www.mpsys.de\/wordpress\/wp-content\/uploads\/2018\/03\/K3.jpg 303w, https:\/\/www.mpsys.de\/wordpress\/wp-content\/uploads\/2018\/03\/K3-267x300.jpg 267w\" sizes=\"auto, (max-width: 303px) 100vw, 303px\" \/><\/p>\n<p><b>Die wei\u00dfe Plastik-Karte im internationalen\u00a0<\/b><b>Scheckkarten-Format mit schwarzem<\/b> <b>Standard-Aufdruck erf\u00fcllt mehrere<\/b> <b>Funktionen:<\/b><\/p>\n<ul>\n<li><b><i>Vereinsausweis<\/i><\/b><\/li>\n<li><b><i>Platzreservierung<\/i><\/b><\/li>\n<li><b><i>Unterscheidung der Mitgliedergruppe<\/i><\/b><\/li>\n<li><b><i>Kontrolle der Beitragszahlung<\/i><\/b><\/li>\n<li><b><i>Kontrolle des G\u00fcltigkeitsjahres<\/i><\/b><\/li>\n<\/ul>\n<p><strong>Signalkarten:<br \/>\n<\/strong>dienen der Sonderbelegung, der Text ist frei w\u00e4hlbar.<br \/>\nz.B.:<\/p>\n<ul>\n<li><b><i>Platz gesperrt<\/i><\/b><\/li>\n<li><b><i>Turnier<\/i><\/b><\/li>\n<li><b><i>Trainerplatz<\/i><\/b><\/li>\n<li><b><i>Training<\/i><\/b><\/li>\n<li><b><i>Forderung<\/i><\/b><\/li>\n<\/ul>\n<p><img loading=\"lazy\" decoding=\"async\" class=\"alignnone size-full wp-image-762\" src=\"https:\/\/www.mpsys.de\/wordpress\/wp-content\/uploads\/2018\/03\/K4.jpg\" alt=\"\" width=\"256\" height=\"332\" srcset=\"https:\/\/www.mpsys.de\/wordpress\/wp-content\/uploads\/2018\/03\/K4.jpg 256w, https:\/\/www.mpsys.de\/wordpress\/wp-content\/uploads\/2018\/03\/K4-231x300.jpg 231w\" sizes=\"auto, (max-width: 256px) 100vw, 256px\" \/><\/p>\n<h1><strong>Elektronische Zutrittskontrolle<\/strong><\/h1>\n<p>Die Mitgliedskarte wird zum Schl\u00fcssel:<\/p>\n<ul>\n<li><small>einfache Montage<\/small><\/li>\n<li><small>Separate T\u00fcrsteuerzentralen &#8211; hohe Sicherheit<\/small><\/li>\n<li><small>Bis zu 10.000 Benutzer<\/small><\/li>\n<li><small>unterschiedliche Zutrittsberechtigung\u00a0<\/small><\/li>\n<li><small>Potentialfreier Relaiskontakt f\u00fcr T\u00fcr\u00f6ffner\u00a0<\/small><\/li>\n<li><small>oder \u00d6ffnungsantrieb<\/small><\/li>\n<li><small>Lesereichweite bis zu 100 mm<\/small><\/li>\n<li><small>IP 67 &#8211; f\u00fcr Au\u00dfenanwendungen geeignet<\/small><\/li>\n<\/ul>\n<p>Weitere Infos im aktuellen <a href=\"https:\/\/www.mpsys.de\/wordpress\/wp-content\/uploads\/2018\/03\/Tosprospekt.pdf\">Prospekt<\/a>.<\/p>\n<p>F\u00fcr Kartenbestellungen verwenden Sie bitte unser <a href=\"https:\/\/www.mpsys.de\/wordpress\/kontakt\/\">Kontaktformular<\/a>.<\/p>\n","protected":false},"excerpt":{"rendered":"<p>Ein &#8222;ASS&#8220;! Anbauf\u00e4hig &#8211; Kombinierbar-\u00dcbersichtlich Das Element: Die Karten: Mitgliedskarten: Die wei\u00dfe Plastik-Karte im internationalen\u00a0Scheckkarten-Format mit schwarzem Standard-Aufdruck erf\u00fcllt mehrere Funktionen: Vereinsausweis Platzreservierung Unterscheidung der Mitgliedergruppe Kontrolle der Beitragszahlung Kontrolle des G\u00fcltigkeitsjahres Signalkarten: dienen der Sonderbelegung, der Text ist frei w\u00e4hlbar. z.B.: Platz gesperrt Turnier Trainerplatz Training Forderung Elektronische Zutrittskontrolle Die Mitgliedskarte wird zum Schl\u00fcssel: &hellip; <a href=\"https:\/\/www.mpsys.de\/wordpress\/tos\/\" class=\"more-link\"><span class=\"screen-reader-text\">TOS Tennis &#8211; Platzbelegungs &#8211; System<\/span> weiterlesen <span class=\"meta-nav\">&rarr;<\/span><\/a><\/p>\n","protected":false},"author":1,"featured_media":0,"parent":0,"menu_order":0,"comment_status":"closed","ping_status":"closed","template":"","meta":{"footnotes":""},"class_list":["post-750","page","type-page","status-publish","hentry"],"_links":{"self":[{"href":"https:\/\/www.mpsys.de\/wordpress\/wp-json\/wp\/v2\/pages\/750","targetHints":{"allow":["GET"]}}],"collection":[{"href":"https:\/\/www.mpsys.de\/wordpress\/wp-json\/wp\/v2\/pages"}],"about":[{"href":"https:\/\/www.mpsys.de\/wordpress\/wp-json\/wp\/v2\/types\/page"}],"author":[{"embeddable":true,"href":"https:\/\/www.mpsys.de\/wordpress\/wp-json\/wp\/v2\/users\/1"}],"replies":[{"embeddable":true,"href":"https:\/\/www.mpsys.de\/wordpress\/wp-json\/wp\/v2\/comments?post=750"}],"version-history":[{"count":17,"href":"https:\/\/www.mpsys.de\/wordpress\/wp-json\/wp\/v2\/pages\/750\/revisions"}],"predecessor-version":[{"id":1025,"href":"https:\/\/www.mpsys.de\/wordpress\/wp-json\/wp\/v2\/pages\/750\/revisions\/1025"}],"wp:attachment":[{"href":"https:\/\/www.mpsys.de\/wordpress\/wp-json\/wp\/v2\/media?parent=750"}],"curies":[{"name":"wp","href":"https:\/\/api.w.org\/{rel}","templated":true}]}}