{"id":48,"date":"2014-02-08T17:16:49","date_gmt":"2014-02-08T15:16:49","guid":{"rendered":"http:\/\/www.mpsys.de\/Wordpress\/?page_id=48"},"modified":"2018-03-11T13:47:08","modified_gmt":"2018-03-11T11:47:08","slug":"msi-metal-stream-inoculation","status":"publish","type":"page","link":"https:\/\/www.mpsys.de\/wordpress\/msi-metal-stream-inoculation\/","title":{"rendered":"MSI Metal Stream Inoculation"},"content":{"rendered":"<h5>Automatisches Gie\u00dfstrahlimpfsystem<\/h5>\n<p>f\u00fcr den Betrieb an mechanischen und automatisierten Gie\u00dfeinrichtungen.<\/p>\n<p>Weltweit im Einsatz, bereits in der 3. Generation<\/p>\n<p><a href=\"https:\/\/www.mpsys.de\/Wordpress\/wp-content\/uploads\/2014\/02\/msi.png\"><img loading=\"lazy\" decoding=\"async\" class=\"alignleft wp-image-204 size-full\" src=\"https:\/\/www.mpsys.de\/wordpress\/wp-content\/uploads\/2014\/02\/msi.png\" alt=\"msi\" width=\"464\" height=\"125\" srcset=\"https:\/\/www.mpsys.de\/wordpress\/wp-content\/uploads\/2014\/02\/msi.png 464w, https:\/\/www.mpsys.de\/wordpress\/wp-content\/uploads\/2014\/02\/msi-300x80.png 300w\" sizes=\"auto, (max-width: 464px) 100vw, 464px\" \/><\/a><\/p>\n<h6>MSI -System 90 \u00a0(1. Generation Start 1996)<\/h6>\n<ul>\n<li>Mikroprozessorgesteuert (Motorola 68000)<\/li>\n<li>Dialogsystem, \u00a0Dateneingabe \u00fcber Folientastatur<\/li>\n<li>Fehleranzeige im Klartext<\/li>\n<li>bis zu 4 Eichkurven<\/li>\n<li>Datenspeicher f\u00fcr Systemeinstellungen und Kennlinien auf getrennten EEproms<\/li>\n<li>permanente Soll-Ist \u00dcberwachung<\/li>\n<\/ul>\n<p><a href=\"https:\/\/www.mpsys.de\/Wordpress\/wp-content\/uploads\/2014\/02\/MSI1.jpg\"><img loading=\"lazy\" decoding=\"async\" class=\"alignnone wp-image-202 size-full\" src=\"https:\/\/www.mpsys.de\/wordpress\/wp-content\/uploads\/2014\/02\/MSI1.jpg\" alt=\"MSI1\" width=\"265\" height=\"195\" \/><\/a><\/p>\n<h6><span style=\"line-height: 1.5;\">MSI DC+ (3. Generation Stand 2014)<br \/>\n<\/span><\/h6>\n<ul>\n<li>Industrie Panel PC mit Touchbedienung<\/li>\n<li>CANopen Feldbus<\/li>\n<li>geregelter DC Motor f\u00fcr eine dynamische Impfmitteldosierung<\/li>\n<li>integriertes W\u00e4gesystem f\u00fcr eine genaue Dosierung und einer Aufl\u00f6sung im Gramm Bereich<\/li>\n<li>selbstkalibrierend<\/li>\n<li>fernsteuerbar, netzwerkf\u00e4hig<\/li>\n<\/ul>\n<p><a href=\"https:\/\/www.mpsys.de\/Wordpress\/wp-content\/uploads\/2014\/02\/msidc.png\"><img loading=\"lazy\" decoding=\"async\" class=\"alignnone wp-image-208 size-full\" src=\"https:\/\/www.mpsys.de\/wordpress\/wp-content\/uploads\/2014\/02\/msidc.png\" alt=\"msidc\" width=\"257\" height=\"214\" \/><\/a><\/p>\n<p>weiterf\u00fchrende Informationen unter <a title=\"Foseco\" href=\"http:\/\/www.foseco.de\" target=\"_blank\" rel=\"noopener noreferrer\">www.foseco.de<\/a><\/p>\n","protected":false},"excerpt":{"rendered":"<p>Automatisches Gie\u00dfstrahlimpfsystem f\u00fcr den Betrieb an mechanischen und automatisierten Gie\u00dfeinrichtungen. Weltweit im Einsatz, bereits in der 3. Generation MSI -System 90 \u00a0(1. Generation Start 1996) Mikroprozessorgesteuert (Motorola 68000) Dialogsystem, \u00a0Dateneingabe \u00fcber Folientastatur Fehleranzeige im Klartext bis zu 4 Eichkurven Datenspeicher f\u00fcr Systemeinstellungen und Kennlinien auf getrennten EEproms permanente Soll-Ist \u00dcberwachung MSI DC+ (3. Generation Stand &hellip; <a href=\"https:\/\/www.mpsys.de\/wordpress\/msi-metal-stream-inoculation\/\" class=\"more-link\"><span class=\"screen-reader-text\">MSI Metal Stream Inoculation<\/span> weiterlesen <span class=\"meta-nav\">&rarr;<\/span><\/a><\/p>\n","protected":false},"author":1,"featured_media":0,"parent":0,"menu_order":0,"comment_status":"closed","ping_status":"closed","template":"","meta":{"footnotes":""},"class_list":["post-48","page","type-page","status-publish","hentry"],"_links":{"self":[{"href":"https:\/\/www.mpsys.de\/wordpress\/wp-json\/wp\/v2\/pages\/48","targetHints":{"allow":["GET"]}}],"collection":[{"href":"https:\/\/www.mpsys.de\/wordpress\/wp-json\/wp\/v2\/pages"}],"about":[{"href":"https:\/\/www.mpsys.de\/wordpress\/wp-json\/wp\/v2\/types\/page"}],"author":[{"embeddable":true,"href":"https:\/\/www.mpsys.de\/wordpress\/wp-json\/wp\/v2\/users\/1"}],"replies":[{"embeddable":true,"href":"https:\/\/www.mpsys.de\/wordpress\/wp-json\/wp\/v2\/comments?post=48"}],"version-history":[{"count":14,"href":"https:\/\/www.mpsys.de\/wordpress\/wp-json\/wp\/v2\/pages\/48\/revisions"}],"predecessor-version":[{"id":714,"href":"https:\/\/www.mpsys.de\/wordpress\/wp-json\/wp\/v2\/pages\/48\/revisions\/714"}],"wp:attachment":[{"href":"https:\/\/www.mpsys.de\/wordpress\/wp-json\/wp\/v2\/media?parent=48"}],"curies":[{"name":"wp","href":"https:\/\/api.w.org\/{rel}","templated":true}]}}