{"id":26,"date":"2014-02-08T12:10:11","date_gmt":"2014-02-08T10:10:11","guid":{"rendered":"http:\/\/www.mpsys.de\/Wordpress\/?page_id=26"},"modified":"2023-07-24T16:50:01","modified_gmt":"2023-07-24T14:50:01","slug":"wie-ueber-uns","status":"publish","type":"page","link":"https:\/\/www.mpsys.de\/wordpress\/wie-ueber-uns\/","title":{"rendered":"Wir \u00fcber uns"},"content":{"rendered":"<h5 align=\"left\"><span style=\"font-size: 16px; font-weight: 400; line-height: 1.5;\">Gegr\u00fcndet wurde unser Unternehmen im Jahre 1989 mit Sitz in Viersen am Niederrhein. Im Juli 2023 haben wir unseren Firmensitz nach Ratingen in der N\u00e4he von D\u00fcsseldorf verlegt.<\/span><\/h5>\n<p>Durch die rasante Entwicklung in der Mikroprozessortechnik und die damit verbundenen neuen M\u00f6glichkeiten\u00a0in der Steuer- und Regelungstechnik war schnell ein Kundenpotential gefunden.<\/p>\n<p>Von Anfang an waren und sind bis heute\u00a0Software- und Hardwareentwicklung die gemeinsamen S\u00e4ulen unseres Unternehmens.<\/p>\n<p>Wir sind heute branchen\u00fcbergreifend t\u00e4tig.<br \/>\nUnsere Kunden kommen aus den Bereichen der<\/p>\n<div>\n<ul>\n<li><strong>Automobilindustrie<\/strong><\/li>\n<li><strong>Maschinenbau<\/strong><\/li>\n<li><strong>Gie\u00dferei-Technik<\/strong><\/li>\n<li><strong>Textilindustrie<\/strong><\/li>\n<li><strong>Einzelhandel<\/strong><\/li>\n<li><strong>Travel Value &amp; Duty-Free<\/strong><\/li>\n<li><strong>Au\u00dfenwerbung<\/strong><\/li>\n<li><strong>Personalisierer f\u00fcr Plastik- &amp; Chipkarten.<\/strong><\/li>\n<\/ul>\n<p>Unser Anspruch ist es, f\u00fcr unsere Kunden die sowohl preislich, als auch technologisch beste L\u00f6sung zu realisieren.<\/p>\n<\/div>\n<p>So finden Sie zu uns:<br \/>\n<iframe loading=\"lazy\" src=\"https:\/\/maps.google.de\/maps?hl=de&amp;q=Bahnstr.29-31, 40882 Ratingen+(MP-Sys GmbH)&amp;ie=UTF8&amp;t=&amp;z=10&amp;iwloc=A&amp;output=embed\" width=\"500\" height=\"400\" frameborder=\"0\" marginwidth=\"0\" marginheight=\"0\" scrolling=\"no\"><\/iframe><\/p>\n","protected":false},"excerpt":{"rendered":"<p>Gegr\u00fcndet wurde unser Unternehmen im Jahre 1989 mit Sitz in Viersen am Niederrhein. Im Juli 2023 haben wir unseren Firmensitz nach Ratingen in der N\u00e4he von D\u00fcsseldorf verlegt. Durch die rasante Entwicklung in der Mikroprozessortechnik und die damit verbundenen neuen M\u00f6glichkeiten\u00a0in der Steuer- und Regelungstechnik war schnell ein Kundenpotential gefunden. Von Anfang an waren und &hellip; <a href=\"https:\/\/www.mpsys.de\/wordpress\/wie-ueber-uns\/\" class=\"more-link\"><span class=\"screen-reader-text\">Wir \u00fcber uns<\/span> weiterlesen <span class=\"meta-nav\">&rarr;<\/span><\/a><\/p>\n","protected":false},"author":1,"featured_media":0,"parent":0,"menu_order":0,"comment_status":"closed","ping_status":"closed","template":"","meta":{"footnotes":""},"class_list":["post-26","page","type-page","status-publish","hentry"],"_links":{"self":[{"href":"https:\/\/www.mpsys.de\/wordpress\/wp-json\/wp\/v2\/pages\/26","targetHints":{"allow":["GET"]}}],"collection":[{"href":"https:\/\/www.mpsys.de\/wordpress\/wp-json\/wp\/v2\/pages"}],"about":[{"href":"https:\/\/www.mpsys.de\/wordpress\/wp-json\/wp\/v2\/types\/page"}],"author":[{"embeddable":true,"href":"https:\/\/www.mpsys.de\/wordpress\/wp-json\/wp\/v2\/users\/1"}],"replies":[{"embeddable":true,"href":"https:\/\/www.mpsys.de\/wordpress\/wp-json\/wp\/v2\/comments?post=26"}],"version-history":[{"count":15,"href":"https:\/\/www.mpsys.de\/wordpress\/wp-json\/wp\/v2\/pages\/26\/revisions"}],"predecessor-version":[{"id":1081,"href":"https:\/\/www.mpsys.de\/wordpress\/wp-json\/wp\/v2\/pages\/26\/revisions\/1081"}],"wp:attachment":[{"href":"https:\/\/www.mpsys.de\/wordpress\/wp-json\/wp\/v2\/media?parent=26"}],"curies":[{"name":"wp","href":"https:\/\/api.w.org\/{rel}","templated":true}]}}